{"id":9867,"date":"2020-10-07T17:03:13","date_gmt":"2020-10-07T15:03:13","guid":{"rendered":"https:\/\/staging.young-stage.com\/?page_id=9867"},"modified":"2022-11-30T17:10:42","modified_gmt":"2022-11-30T16:10:42","slug":"festival-2010","status":"publish","type":"page","link":"https:\/\/staging.young-stage.com\/en\/galerien-2007-2019\/festival-2010\/","title":{"rendered":"Festival 2010"},"content":{"rendered":"<section class=\"wpb-content-wrapper\"><p>[vc_row][vc_column][vc_column_text]<\/p>\n<h1>Festival 2010<\/h1>\n<p>[\/vc_column_text]<div class=\"dfd-spacer-module\"  data-units=\"px\" data-wide_resolution=\"1280\" data-wide_size=\"40\" data-normal_resolution=\"1024\" data-normal_size=\"40\" data-tablet_resolution=\"800\" data-tablet_size=\"40\" data-mobile_resolution=\"480\" data-mobile_size=\"40\" style=\"height: 40px;\"><\/div><div class=\"dfd-spacer-module\"  data-units=\"px\" data-wide_resolution=\"1280\" data-wide_size=\"40\" data-normal_resolution=\"1024\" data-normal_size=\"40\" data-tablet_resolution=\"800\" data-tablet_size=\"40\" data-mobile_resolution=\"480\" data-mobile_size=\"40\" style=\"height: 40px;\"><\/div><div class=\"dfd-spacer-module\"  data-units=\"px\" data-wide_resolution=\"1280\" data-wide_size=\"40\" data-normal_resolution=\"1024\" data-normal_size=\"40\" data-tablet_resolution=\"800\" data-tablet_size=\"40\" data-mobile_resolution=\"480\" data-mobile_size=\"40\" style=\"height: 40px;\"><\/div>[\/vc_column][\/vc_row][vc_row][vc_column]<div class=\"dfd-spacer-module\"  data-units=\"px\" data-wide_resolution=\"1280\" data-wide_size=\"40\" data-normal_resolution=\"1024\" data-normal_size=\"40\" data-tablet_resolution=\"800\" data-tablet_size=\"40\" data-mobile_resolution=\"480\" data-mobile_size=\"40\" style=\"height: 40px;\"><\/div>[vc_video align=&#8221;center&#8221; link=&#8221;https:\/\/youtu.be\/Q1X5dDNHHrs&#8221;]<div class=\"dfd-spacer-module\"  data-units=\"px\" data-wide_resolution=\"1280\" data-wide_size=\"40\" data-normal_resolution=\"1024\" data-normal_size=\"40\" data-tablet_resolution=\"800\" data-tablet_size=\"40\" data-mobile_resolution=\"480\" data-mobile_size=\"40\" style=\"height: 40px;\"><\/div>[vc_video align=&#8221;center&#8221; link=&#8221;https:\/\/youtu.be\/J7Q-NVM_YoI&#8221;]<div class=\"dfd-spacer-module\"  data-units=\"px\" data-wide_resolution=\"1280\" data-wide_size=\"40\" data-normal_resolution=\"1024\" data-normal_size=\"40\" data-tablet_resolution=\"800\" data-tablet_size=\"40\" data-mobile_resolution=\"480\" data-mobile_size=\"40\" style=\"height: 40px;\"><\/div>[vc_video align=&#8221;center&#8221; link=&#8221;https:\/\/youtu.be\/mmX5Hz4kvps&#8221;]<div class=\"dfd-spacer-module\"  data-units=\"px\" data-wide_resolution=\"1280\" data-wide_size=\"40\" data-normal_resolution=\"1024\" data-normal_size=\"40\" data-tablet_resolution=\"800\" data-tablet_size=\"40\" data-mobile_resolution=\"480\" data-mobile_size=\"40\" style=\"height: 40px;\"><\/div><div class=\"dfd-spacer-module\"  data-units=\"px\" data-wide_resolution=\"1280\" data-wide_size=\"40\" data-normal_resolution=\"1024\" data-normal_size=\"40\" data-tablet_resolution=\"800\" data-tablet_size=\"40\" data-mobile_resolution=\"480\" data-mobile_size=\"40\" style=\"height: 40px;\"><\/div><div class=\"dfd-spacer-module\"  data-units=\"px\" data-wide_resolution=\"1280\" data-wide_size=\"40\" data-normal_resolution=\"1024\" data-normal_size=\"40\" data-tablet_resolution=\"800\" data-tablet_size=\"40\" data-mobile_resolution=\"480\" data-mobile_size=\"40\" style=\"height: 40px;\"><\/div>[\/vc_column][\/vc_row][vc_row][vc_column][vc_column_text]Copyright all photos by Pablo W\u00fcnsch Blanco\u00a0<a href=\"https:\/\/pablowunschblanco.com\" target=\"_blank\" rel=\"noopener noreferrer\">https:\/\/pablowunschblanco.com<\/a><\/p>\n<h3><strong>The Festival<\/strong><\/h3>\n<p>[\/vc_column_text]<div class=\"dfd-spacer-module\"  data-units=\"px\" data-wide_resolution=\"1280\" data-wide_size=\"40\" data-normal_resolution=\"1024\" data-normal_size=\"40\" data-tablet_resolution=\"800\" data-tablet_size=\"40\" data-mobile_resolution=\"480\" data-mobile_size=\"40\" style=\"height: 40px;\"><\/div>[vc_masonry_media_grid grid_id=&#8221;vc_gid:1669824628722-9c694e80-60bd-3&#8243; include=&#8221;8808,8807,8804,8805,8806,8802,8803,8801,8799,8800,8797,8798,8795,8796,8794,8791,8792,8793,8788,8789,8790,8785,8786,8787,8783,8784,8781,8782,8780,8779&#8243;]<div class=\"dfd-spacer-module\"  data-units=\"px\" data-wide_resolution=\"1280\" data-wide_size=\"40\" data-normal_resolution=\"1024\" data-normal_size=\"40\" data-tablet_resolution=\"800\" data-tablet_size=\"40\" data-mobile_resolution=\"480\" data-mobile_size=\"40\" style=\"height: 40px;\"><\/div><div class=\"dfd-spacer-module\"  data-units=\"px\" data-wide_resolution=\"1280\" data-wide_size=\"40\" data-normal_resolution=\"1024\" data-normal_size=\"40\" data-tablet_resolution=\"800\" data-tablet_size=\"40\" data-mobile_resolution=\"480\" data-mobile_size=\"40\" style=\"height: 40px;\"><\/div>[\/vc_column][\/vc_row][vc_row][vc_column][vc_column_text]<\/p>\n<h1><strong>This was the festival 2010<\/strong><\/h1>\n<h2><strong>Artists 2010<\/strong><\/h2>\n<p>Arron Sparks | Grossbritannien | Jonglage \/ Jo-Jo<br \/>\nHoola Heroes | Grossbritannien | Hula Hoop<br \/>\nAvital P\u00f6schko | Israel | Strapaten<br \/>\nJ\u00e9r\u00e9mie Arsenault | Kanada | Diabolo<br \/>\nDuo Reflex | Kanada | Sprungakrobatik<br \/>\nMaxime Pythoud | Schweiz | Roue Cyr<br \/>\nSeraina Imholz\u00a0 | Schweiz | Trapez<br \/>\nWang Fei | China | Antipoden<br \/>\nDanilo Marder | Deutschland | Equilibristik<br \/>\nVanessa Baier\/Sven B\u00f6ker | Deutschland | Equilibristik | Hand auf Hand<br \/>\nNella Niva\/Sanni Lehtinen | Finnland | Trapez<br \/>\nIsabelle Dubois | Frankreich | Visual Comedy<br \/>\nChrister Pettersen | Norwegen | Schlappseil<br \/>\nVictor Krachinov | Russland | Jonglage<br \/>\nStylize\u00a0 | Schweiz | Tanz\/Break Dance<\/p>\n<h2><\/h2>\n<h2><strong>Winner<\/strong><\/h2>\n<p>Goldener Stern: Duo Reflex | Kanada<br \/>\nSilberner Stern: Avital P\u00f6schko | Israel<br \/>\nBronzener Stern: Maxime Pythoud | Schweiz<br \/>\nYOUNG STAR: Vanessa + Sven | Deutschland<br \/>\nPublikums Preis: Maxime Pythoud | Schweiz<br \/>\nBenissimo Preis: Vanessa + Sven | Deutschland | (Ein Engagement in einer Benissimo Sendung des SF)<br \/>\nGOP Preis: Christer Pettersen | Norwegen | (Ein Engagement in einem GOP Variet\u00e9 in DE)<br \/>\nPalazzo Preis: Danilo Marder | Deutschland | Ein Engagement im Palazzo Colombino<br \/>\nSwiss Cup Preis: Maxime Pytoud | Schweiz | (Ein Engagement beim Swiss Cup Z\u00fcrich \u2013 Weltklasseturnen)<br \/>\nDAS ZELT Preis: Stylize | Schweiz | (Ein Engagement in einer Show von DAS ZELT)<br \/>\nPreis der Circus-Vari\u00e9t\u00e9 und Artistenfreunde: J\u00e9r\u00e9mie Arsenalut | Kanada<\/p>\n<h2><\/h2>\n<h2><strong>Jury<\/strong><\/h2>\n<p>Denise Biellmann: Weltmeisterin Eiskunstlauf<br \/>\nDonghua Li: Weltmeister Kunstturnen<br \/>\nMasha Dimitri: International erfolgreiche Artistin<br \/>\nIan Jenkins: Head of Show Development Europapark<br \/>\nWerner Buss: Entertainment Chef GOP Entertainment Group | DE<br \/>\nAdrian Steiner: Direktor DAS ZELT<\/p>\n<p><strong>Moderation<\/strong><br \/>\nMax Loong<\/p>\n<p><strong>Choreographie<\/strong><br \/>\nViet Dang<\/p>\n<p><strong>Band<\/strong><br \/>\n\u00c4l Jawala<\/p>\n<p><strong>Regie<\/strong><br \/>\nNicolas Stroet<\/p>\n<p><strong>Lichtdesign\/Technik<\/strong><br \/>\nTokyoblue, Serge Schmuki<\/p>\n<p><strong>Festivalleitung \/ Showproduktion<\/strong><br \/>\nNadja Hauser<\/p>\n<p><strong>Co-Leitung<\/strong><br \/>\nCorinne Engler<\/p>\n<p><strong>Vereinspr\u00e4sident<\/strong><br \/>\nRony Hauser<\/p>\n<p><strong>Sponsoren + Partner<\/strong><\/p>\n<p><strong>Hauptsponsor<\/strong><br \/>\nSchweizer Jugendherbergen<\/p>\n<p><strong>Sponsoren<\/strong><br \/>\nMerian Iselin Klinik | IWB | Sunstar Hotels<\/p>\n<p><strong>Supplier<\/strong><br \/>\nBasel Tourismus | Druckerei Bloch | Kreon Communications AG | Settelen AG<\/p>\n<p><strong>Medienpartner<\/strong><br \/>\nTelebasel | Baslerstab | Radio Basilisk<\/p>\n<p><strong>Mit freundlicher Unterst\u00fctzung von<\/strong><br \/>\nLotteriefonds Basel-Stadt + Basel-Landschaft | Migros Kulturprozent | Ernst G\u00f6hner Stiftung | Jubil\u00e4umsstiftung der BLKB | Scheidegger Thommen Stiftung[\/vc_column_text][\/vc_column][\/vc_row]<\/p>\n<\/section>","protected":false},"excerpt":{"rendered":"<p>[vc_row][vc_column][vc_column_text] Festival 2010 [\/vc_column_text][\/vc_column][\/vc_row][vc_row][vc_column][vc_video align=&#8221;center&#8221; link=&#8221;https:\/\/youtu.be\/Q1X5dDNHHrs&#8221;][vc_video align=&#8221;center&#8221; link=&#8221;https:\/\/youtu.be\/J7Q-NVM_YoI&#8221;][vc_video align=&#8221;center&#8221; link=&#8221;https:\/\/youtu.be\/mmX5Hz4kvps&#8221;][\/vc_column][\/vc_row][vc_row][vc_column][vc_column_text]Copyright all photos by Pablo W\u00fcnsch Blanco\u00a0https:\/\/pablowunschblanco.com The Festival [\/vc_column_text][vc_masonry_media_grid grid_id=&#8221;vc_gid:1669824628722-9c694e80-60bd-3&#8243; include=&#8221;8808,8807,8804,8805,8806,8802,8803,8801,8799,8800,8797,8798,8795,8796,8794,8791,8792,8793,8788,8789,8790,8785,8786,8787,8783,8784,8781,8782,8780,8779&#8243;][\/vc_column][\/vc_row][vc_row][vc_column][vc_column_text] This was the festival 2010 Artists 2010 Arron Sparks<\/p>\n","protected":false},"author":1,"featured_media":0,"parent":6201,"menu_order":0,"comment_status":"closed","ping_status":"closed","template":"","meta":{"inline_featured_image":false,"footnotes":""},"class_list":["post-9867","page","type-page","status-publish","hentry"],"_links":{"self":[{"href":"https:\/\/staging.young-stage.com\/en\/wp-json\/wp\/v2\/pages\/9867"}],"collection":[{"href":"https:\/\/staging.young-stage.com\/en\/wp-json\/wp\/v2\/pages"}],"about":[{"href":"https:\/\/staging.young-stage.com\/en\/wp-json\/wp\/v2\/types\/page"}],"author":[{"embeddable":true,"href":"https:\/\/staging.young-stage.com\/en\/wp-json\/wp\/v2\/users\/1"}],"replies":[{"embeddable":true,"href":"https:\/\/staging.young-stage.com\/en\/wp-json\/wp\/v2\/comments?post=9867"}],"version-history":[{"count":0,"href":"https:\/\/staging.young-stage.com\/en\/wp-json\/wp\/v2\/pages\/9867\/revisions"}],"up":[{"embeddable":true,"href":"https:\/\/staging.young-stage.com\/en\/wp-json\/wp\/v2\/pages\/6201"}],"wp:attachment":[{"href":"https:\/\/staging.young-stage.com\/en\/wp-json\/wp\/v2\/media?parent=9867"}],"curies":[{"name":"wp","href":"https:\/\/api.w.org\/{rel}","templated":true}]}}